{"id":100,"date":"2026-03-17T14:01:31","date_gmt":"2026-03-17T05:01:31","guid":{"rendered":"https:\/\/copi-tools.com\/vn\/?page_id=100"},"modified":"2026-03-17T14:01:32","modified_gmt":"2026-03-17T05:01:32","slug":"privacy-policy","status":"publish","type":"page","link":"https:\/\/copi-tools.com\/vn\/privacy-policy\/","title":{"rendered":"Ch\u00ednh S\u00e1ch Quy\u1ec1n Ri\u00eang T\u01b0"},"content":{"rendered":"\n<p>Ch\u00ednh s\u00e1ch quy\u1ec1n ri\u00eang t\u01b0 n\u00e0y gi\u1ea3i th\u00edch c\u00e1ch copi-tools.com (&#8220;trang web n\u00e0y&#8221;) x\u1eed l\u00fd th\u00f4ng tin li\u00ean quan \u0111\u1ebfn ng\u01b0\u1eddi d\u00f9ng. B\u1eb1ng c\u00e1ch s\u1eed d\u1ee5ng trang web n\u00e0y, b\u1ea1n \u0111\u1ed3ng \u00fd v\u1edbi c\u00e1c \u0111i\u1ec1u kho\u1ea3n \u0111\u01b0\u1ee3c m\u00f4 t\u1ea3 d\u01b0\u1edbi \u0111\u00e2y.<\/p>\n\n\n\n<hr class=\"wp-block-separator has-alpha-channel-opacity\"\/>\n\n\n\n<h2 class=\"wp-block-heading\">Tuy\u00ean b\u1ed1 mi\u1ec5n tr\u00e1ch nhi\u1ec7m v\u1ec1 r\u1ee7i ro \u0111\u1ea7u t\u01b0<\/h2>\n\n\n\n<p>T\u1ea5t c\u1ea3 n\u1ed9i dung \u0111\u01b0\u1ee3c \u0111\u0103ng tr\u00ean trang web n\u00e0y ch\u1ec9 nh\u1eb1m m\u1ee5c \u0111\u00edch cung c\u1ea5p th\u00f4ng tin v\u00e0 gi\u00e1o d\u1ee5c. Kh\u00f4ng c\u00f3 n\u1ed9i dung n\u00e0o tr\u00ean trang web n\u00e0y c\u1ea5u th\u00e0nh t\u01b0 v\u1ea5n t\u00e0i ch\u00ednh, t\u01b0 v\u1ea5n \u0111\u1ea7u t\u01b0, ho\u1eb7c khuy\u1ebfn ngh\u1ecb mua ho\u1eb7c b\u00e1n b\u1ea5t k\u1ef3 c\u00f4ng c\u1ee5 t\u00e0i ch\u00ednh n\u00e0o.<\/p>\n\n\n\n<p>Giao d\u1ecbch ngo\u1ea1i h\u1ed1i v\u00e0 sao ch\u00e9p giao d\u1ecbch c\u00f3 r\u1ee7i ro thua l\u1ed7 \u0111\u00e1ng k\u1ec3 v\u00e0 kh\u00f4ng ph\u00f9 h\u1ee3p v\u1edbi t\u1ea5t c\u1ea3 nh\u00e0 \u0111\u1ea7u t\u01b0. K\u1ebft qu\u1ea3 trong qu\u00e1 kh\u1ee9 kh\u00f4ng \u0111\u1ea3m b\u1ea3o k\u1ebft qu\u1ea3 trong t\u01b0\u01a1ng lai. B\u1ea1n n\u00ean c\u00e2n nh\u1eafc k\u1ef9 l\u01b0\u1ee1ng v\u1ec1 m\u1ee5c ti\u00eau \u0111\u1ea7u t\u01b0, m\u1ee9c \u0111\u1ed9 kinh nghi\u1ec7m v\u00e0 kh\u1ea9u v\u1ecb r\u1ee7i ro tr\u01b0\u1edbc khi \u0111\u1ea7u t\u01b0.<\/p>\n\n\n\n<ul class=\"wp-block-list\">\n<li>B\u1ea1n c\u00f3 th\u1ec3 m\u1ea5t m\u1ed9t ph\u1ea7n ho\u1eb7c to\u00e0n b\u1ed9 v\u1ed1n \u0111\u1ea7u t\u01b0.<\/li>\n\n\n\n<li>Sao ch\u00e9p giao d\u1ecbch kh\u00f4ng \u0111\u1ea3m b\u1ea3o l\u1ee3i nhu\u1eadn.<\/li>\n\n\n\n<li>H\u00e3y lu\u00f4n t\u1ef1 nghi\u00ean c\u1ee9u tr\u01b0\u1edbc khi \u0111\u01b0a ra quy\u1ebft \u0111\u1ecbnh \u0111\u1ea7u t\u01b0.<\/li>\n<\/ul>\n\n\n\n<hr class=\"wp-block-separator has-alpha-channel-opacity\"\/>\n\n\n\n<h2 class=\"wp-block-heading\">Li\u00ean k\u1ebft b\u00ean ngo\u00e0i<\/h2>\n\n\n\n<p>Trang web n\u00e0y c\u00f3 ch\u1ee9a c\u00e1c li\u00ean k\u1ebft \u0111\u1ebfn c\u00e1c trang web c\u1ee7a b\u00ean th\u1ee9 ba, bao g\u1ed3m c\u00e1c nh\u00e0 m\u00f4i gi\u1edbi FX v\u00e0 c\u00e1c d\u1ecbch v\u1ee5 b\u00ean ngo\u00e0i kh\u00e1c. C\u00e1c li\u00ean k\u1ebft n\u00e0y ch\u1ec9 \u0111\u01b0\u1ee3c cung c\u1ea5p \u0111\u1ec3 thu\u1eadn ti\u1ec7n. Ch\u00fang t\u00f4i kh\u00f4ng ki\u1ec3m so\u00e1t n\u1ed9i dung, ch\u00ednh s\u00e1ch quy\u1ec1n ri\u00eang t\u01b0 ho\u1eb7c th\u1ef1c h\u00e0nh c\u1ee7a b\u1ea5t k\u1ef3 trang web \u0111\u01b0\u1ee3c li\u00ean k\u1ebft n\u00e0o v\u00e0 kh\u00f4ng ch\u1ecbu tr\u00e1ch nhi\u1ec7m v\u1ec1 ch\u00fang.<\/p>\n\n\n\n<p>Ch\u00fang t\u00f4i khuy\u1ebfn kh\u00edch b\u1ea1n xem x\u00e9t ch\u00ednh s\u00e1ch quy\u1ec1n ri\u00eang t\u01b0 c\u1ee7a b\u1ea5t k\u1ef3 trang web b\u00ean th\u1ee9 ba n\u00e0o m\u00e0 b\u1ea1n truy c\u1eadp.<\/p>\n\n\n\n<hr class=\"wp-block-separator has-alpha-channel-opacity\"\/>\n\n\n\n<h2 class=\"wp-block-heading\">Li\u00ean k\u1ebft li\u00ean k\u1ebft (Affiliate)<\/h2>\n\n\n\n<p>Trang web n\u00e0y hi\u1ec7n kh\u00f4ng s\u1eed d\u1ee5ng li\u00ean k\u1ebft li\u00ean k\u1ebft. Ph\u1ea7n n\u00e0y s\u1ebd \u0111\u01b0\u1ee3c c\u1eadp nh\u1eadt khi c\u00e1c ch\u01b0\u01a1ng tr\u00ecnh li\u00ean k\u1ebft \u0111\u01b0\u1ee3c gi\u1edbi thi\u1ec7u.<\/p>\n\n\n\n<hr class=\"wp-block-separator has-alpha-channel-opacity\"\/>\n\n\n\n<h2 class=\"wp-block-heading\">Cookie v\u00e0 Ph\u00e2n t\u00edch truy c\u1eadp<\/h2>\n\n\n\n<p>Trang web n\u00e0y hi\u1ec7n kh\u00f4ng s\u1eed d\u1ee5ng cookie ho\u1eb7c c\u00f4ng c\u1ee5 ph\u00e2n t\u00edch truy c\u1eadp. Ph\u1ea7n n\u00e0y s\u1ebd \u0111\u01b0\u1ee3c c\u1eadp nh\u1eadt khi c\u00e1c c\u00f4ng c\u1ee5 \u0111\u00f3 \u0111\u01b0\u1ee3c gi\u1edbi thi\u1ec7u.<\/p>\n\n\n\n<hr class=\"wp-block-separator has-alpha-channel-opacity\"\/>\n\n\n\n<h2 class=\"wp-block-heading\">Thay \u0111\u1ed5i ch\u00ednh s\u00e1ch n\u00e0y<\/h2>\n\n\n\n<p>Ch\u00fang t\u00f4i c\u00f3 quy\u1ec1n c\u1eadp nh\u1eadt Ch\u00ednh s\u00e1ch quy\u1ec1n ri\u00eang t\u01b0 n\u00e0y b\u1ea5t k\u1ef3 l\u00fac n\u00e0o m\u00e0 kh\u00f4ng c\u1ea7n th\u00f4ng b\u00e1o tr\u01b0\u1edbc. Phi\u00ean b\u1ea3n m\u1edbi nh\u1ea5t s\u1ebd lu\u00f4n c\u00f3 tr\u00ean trang n\u00e0y. Vi\u1ec7c ti\u1ebfp t\u1ee5c s\u1eed d\u1ee5ng trang web n\u00e0y sau b\u1ea5t k\u1ef3 thay \u0111\u1ed5i n\u00e0o \u0111\u1ed3ng ngh\u0129a v\u1edbi vi\u1ec7c b\u1ea1n ch\u1ea5p nh\u1eadn ch\u00ednh s\u00e1ch \u0111\u00e3 c\u1eadp nh\u1eadt.<\/p>\n\n\n\n<hr class=\"wp-block-separator has-alpha-channel-opacity\"\/>\n\n\n\n<h2 class=\"wp-block-heading\">Li\u00ean h\u1ec7<\/h2>\n\n\n\n<p>N\u1ebfu b\u1ea1n c\u00f3 b\u1ea5t k\u1ef3 c\u00e2u h\u1ecfi n\u00e0o v\u1ec1 Ch\u00ednh s\u00e1ch quy\u1ec1n ri\u00eang t\u01b0 n\u00e0y, vui l\u00f2ng <a href=\"https:\/\/copi-tools.com\/vn\/contact\/\" data-type=\"page\" data-id=\"102\">li\u00ean h\u1ec7<\/a> v\u1edbi ch\u00fang t\u00f4i qua bi\u1ec3u m\u1eabu li\u00ean h\u1ec7 tr\u00ean trang web n\u00e0y.<\/p>\n","protected":false},"excerpt":{"rendered":"<p>Ch\u00ednh s\u00e1ch quy\u1ec1n ri\u00eang t\u01b0 n\u00e0y gi\u1ea3i th\u00edch c\u00e1ch copi-tools.com (&#8220;trang web n\u00e0y&#8221;) x\u1eed l\u00fd th\u00f4ng tin li\u00ean quan \u0111\u1ebfn ng\u01b0\u1eddi d\u00f9ng. B\u1eb1ng c\u00e1ch s\u1eed d\u1ee5ng trang web n\u00e0y, b\u1ea1n \u0111\u1ed3ng \u00fd v\u1edbi c\u00e1c \u0111i\u1ec1u kho\u1ea3n \u0111\u01b0\u1ee3c m\u00f4 t\u1ea3 d\u01b0\u1edbi \u0111\u00e2y. Tuy\u00ean b\u1ed1 mi\u1ec5n tr\u00e1ch nhi\u1ec7m v\u1ec1 r\u1ee7i ro \u0111\u1ea7u t\u01b0 T\u1ea5t c\u1ea3 n\u1ed9i dung [&hellip;]<\/p>\n","protected":false},"author":1,"featured_media":0,"parent":0,"menu_order":0,"comment_status":"closed","ping_status":"closed","template":"","meta":{"swell_btn_cv_data":"","footnotes":""},"class_list":["post-100","page","type-page","status-publish","hentry"],"_links":{"self":[{"href":"https:\/\/copi-tools.com\/vn\/wp-json\/wp\/v2\/pages\/100","targetHints":{"allow":["GET"]}}],"collection":[{"href":"https:\/\/copi-tools.com\/vn\/wp-json\/wp\/v2\/pages"}],"about":[{"href":"https:\/\/copi-tools.com\/vn\/wp-json\/wp\/v2\/types\/page"}],"author":[{"embeddable":true,"href":"https:\/\/copi-tools.com\/vn\/wp-json\/wp\/v2\/users\/1"}],"replies":[{"embeddable":true,"href":"https:\/\/copi-tools.com\/vn\/wp-json\/wp\/v2\/comments?post=100"}],"version-history":[{"count":2,"href":"https:\/\/copi-tools.com\/vn\/wp-json\/wp\/v2\/pages\/100\/revisions"}],"predecessor-version":[{"id":107,"href":"https:\/\/copi-tools.com\/vn\/wp-json\/wp\/v2\/pages\/100\/revisions\/107"}],"wp:attachment":[{"href":"https:\/\/copi-tools.com\/vn\/wp-json\/wp\/v2\/media?parent=100"}],"curies":[{"name":"wp","href":"https:\/\/api.w.org\/{rel}","templated":true}]}}