{"id":40,"date":"2026-03-13T18:21:56","date_gmt":"2026-03-13T09:21:56","guid":{"rendered":"https:\/\/copi-tools.com\/vn\/?page_id=40"},"modified":"2026-04-21T18:44:58","modified_gmt":"2026-04-21T09:44:58","slug":"home","status":"publish","type":"page","link":"https:\/\/copi-tools.com\/vn\/","title":{"rendered":"TOP PAGE"},"content":{"rendered":"\n<div class=\"swell-block-columns\" style=\"--swl-clmn-mrgn--x:2rem\"><div class=\"swell-block-columns__inner\">\n<div class=\"swell-block-column swl-has-mb--s\" data-valign=\"center\">\n<h2 class=\"wp-block-heading has-text-align-left is-style-section_ttl u-mb-ctrl u-mb-5\" style=\"font-size:2.3em\">Kh\u00e1m Ph\u00e1 Nh\u00e0 Giao D\u1ecbch \u0110\u1eb3ng C\u1ea5p<\/h2>\n\n\n\n<p class=\"u-mb-ctrl u-mb-15\">Nh\u1eefng d\u1eef li\u1ec7u c\u00f4ng khai kh\u00f4ng th\u1ec3 hi\u1ec7n. Kh\u00e1m ph\u00e1 nh\u1eefng nh\u00e0 giao d\u1ecbch th\u1ef1c s\u1ef1 c\u00f3 l\u1ee3i nhu\u1eadn v\u1edbi ph\u00e2n t\u00edch c\u1ee7a ch\u00fang t\u00f4i.<\/p>\n\n\n\n<!--\n\n\n\n<div class=\"swell-block-button -size-custom is-style-btn_line\" style=\"--the-width:100%\"><a href=\"\" class=\"swell-block-button__link\"><span>T\u00ecm Hi\u1ec3u Copy Trading<\/span><\/a><\/div>\n\n\n\n-->\n\n\n\n<div class=\"swell-block-columns\" style=\"--clmn-w--pc:100%;--clmn-w--tab:100%;--swl-clmn-mrgn--x:1rem\"><div class=\"swell-block-columns__inner\">\n<div class=\"swell-block-column swl-has-mb--s\">\n<div class=\"swell-block-button -size-custom is-style-btn_normal\" style=\"--the-width:80%\"><a href=\"https:\/\/copi-tools.com\/vn\/exness-copytrade-analyzer\/\" class=\"swell-block-button__link\"><span>Th\u1eed Copytrade Analyzer<\/span><\/a><\/div>\n<\/div>\n<\/div><\/div>\n<\/div>\n\n\n\n<div class=\"swell-block-column swl-has-mb--s\">\n<figure class=\"wp-block-image size-full is-style-rounded\"><img decoding=\"async\" src=\"http:\/\/copi-tools.com\/wp-content\/uploads\/2026\/02\/image02.webp\" alt=\"\" class=\"wp-image-91\"\/><\/figure>\n<\/div>\n<\/div><\/div>\n\n\n\n<div class=\"swell-block-fullWide pc-py-20 sp-py-40 alignfull u-mb-ctrl u-mb-20\" style=\"background-color:#f7f7f7\"><div class=\"swell-block-fullWide__inner l-article\">\n<h2 class=\"wp-block-heading is-style-section_ttl u-mb-ctrl u-mb-10 section-title\">Copytrade Analyzer<\/h2>\n\n\n\n<p class=\"has-text-align-center\">C\u00f4ng c\u1ee5 \u0111\u00e1nh gi\u00e1 nh\u00e0 giao d\u1ecbch sao ch\u00e9p to\u00e0n di\u1ec7n nh\u1ea5t. Khai ph\u00e1 nh\u1eefng g\u00ec d\u1eef li\u1ec7u c\u00f4ng khai gi\u1ea5u k\u00edn.<\/p>\n\n\n\n<div class=\"swell-block-columns\" style=\"--clmn-w--pc:33.33%;--clmn-w--tab:33.33%\"><div class=\"swell-block-columns__inner\">\n<div class=\"swell-block-column swl-has-mb--s\" data-valign=\"top\">\n<div class=\"wp-block-cover rounded-cover\" style=\"min-height:285px;aspect-ratio:unset;\"><img decoding=\"async\" class=\"wp-block-cover__image-background wp-image-204 size-full\" alt=\"\" src=\"http:\/\/copi-tools.com\/wp-content\/uploads\/2026\/03\/chart-bg.webp\" data-object-fit=\"cover\"\/><span aria-hidden=\"true\" class=\"wp-block-cover__background has-black-background-color has-background-dim-40 has-background-dim\"><\/span><div class=\"wp-block-cover__inner-container is-layout-constrained wp-block-cover-is-layout-constrained\">\n<p class=\"has-text-align-center has-large-font-size\"><strong><span class=\"swl-fz u-fz-l\">T\u00ednh N\u0103ng T\u00ecm Ki\u1ebfm &amp; L\u1ecdc N\u00e2ng Cao<\/span><\/strong><\/p>\n\n\n\n<p class=\"has-text-align-center\"><span class=\"swl-fz u-fz-s\">T\u00ecm nh\u00e0 giao d\u1ecbch theo ti\u00eau ch\u00ed. Thi\u1ebft k\u1ebf th\u00e2n thi\u1ec7n, d\u1ec5 d\u00e0ng l\u1ef1a ch\u1ecdn.<\/span><\/p>\n<\/div><\/div>\n<\/div>\n\n\n\n<div class=\"swell-block-column swl-has-mb--s\">\n<div class=\"wp-block-cover rounded-cover\" style=\"min-height:285px;aspect-ratio:unset;\"><img decoding=\"async\" class=\"wp-block-cover__image-background wp-image-204 size-full\" alt=\"\" src=\"http:\/\/copi-tools.com\/wp-content\/uploads\/2026\/03\/chart-bg.webp\" data-object-fit=\"cover\"\/><span aria-hidden=\"true\" class=\"wp-block-cover__background has-black-background-color has-background-dim-40 has-background-dim\"><\/span><div class=\"wp-block-cover__inner-container is-layout-constrained wp-block-cover-is-layout-constrained\">\n<p class=\"has-text-align-center has-large-font-size\"><strong><span class=\"swl-fz u-fz-l\">Ph\u00e2n T\u00edch D\u1eef Li\u1ec7u T\u1ef1 \u0110\u1ed9ng H\u00e0ng Ng\u00e0y<\/span><\/strong><\/p>\n\n\n\n<p class=\"has-text-align-center\"><span class=\"swl-fz u-fz-s\">Ch\u00fang t\u00f4i tr\u00edch xu\u1ea5t v\u00e0 ph\u00e2n t\u00edch d\u1eef li\u1ec7u t\u1eeb c\u00e1c s\u00e0n giao d\u1ecbch ch\u00ednh m\u1ed7i ng\u00e0y, \u0111\u00e1nh gi\u00e1 h\u01a1n 1000 nh\u00e0 giao d\u1ecbch v\u1edbi th\u00f4ng tin chi ti\u1ebft t\u1eeb AI.<\/span><\/p>\n<\/div><\/div>\n<\/div>\n\n\n\n<div class=\"swell-block-column swl-has-mb--s\">\n<div class=\"wp-block-cover rounded-cover\" style=\"min-height:285px;aspect-ratio:unset;\"><img decoding=\"async\" class=\"wp-block-cover__image-background wp-image-204 size-full\" alt=\"\" src=\"http:\/\/copi-tools.com\/wp-content\/uploads\/2026\/03\/chart-bg.webp\" data-object-fit=\"cover\"\/><span aria-hidden=\"true\" class=\"wp-block-cover__background has-black-background-color has-background-dim-40 has-background-dim\"><\/span><div class=\"wp-block-cover__inner-container is-layout-constrained wp-block-cover-is-layout-constrained\">\n<p class=\"has-text-align-center has-large-font-size\"><strong><span class=\"swl-fz u-fz-l\">Ch\u1ec9 S\u1ed1 \u1ea8n \u0110\u01b0\u1ee3c AI Ph\u00e1t Hi\u1ec7n<\/span><\/strong><\/p>\n\n\n\n<p class=\"has-text-align-center\"><span class=\"swl-fz u-fz-s\">AI c\u1ee7a ch\u00fang t\u00f4i ph\u00e1t hi\u1ec7n c\u00e1c d\u1ea5u hi\u1ec7u gian l\u1eadn v\u00e0 r\u1ee7i ro ti\u1ec1m \u1ea9n m\u00e0 d\u1eef li\u1ec7u c\u00f4ng khai kh\u00f4ng th\u1ec3 hi\u1ec7n. Xem hi\u1ec7u su\u1ea5t th\u1ef1c t\u1ebf \u0111\u1eb1ng sau nh\u1eefng con s\u1ed1.<\/span><\/p>\n<\/div><\/div>\n<\/div>\n<\/div><\/div>\n<\/div><\/div>\n\n\n\n<h2 class=\"wp-block-heading has-text-align-center is-style-section_ttl section-title u-mb-ctrl u-mb-10\">T\u00ecm Hi\u1ec3u Copy Trading<\/h2>\n\n\n\n<p class=\"has-text-align-center\">T\u1eeb c\u01a1 b\u1ea3n cho ng\u01b0\u1eddi m\u1edbi b\u1eaft \u0111\u1ea7u \u0111\u1ebfn th\u00f4ng tin chuy\u00ean s\u00e2u. T\u00ecm hi\u1ec3u c\u00e1ch tr\u00e1nh sai l\u1ea7m v\u00e0 x\u00e1c \u0111\u1ecbnh nh\u1eefng nh\u00e0 giao d\u1ecbch th\u1ef1c s\u1ef1 c\u00f3 l\u1ee3i nhu\u1eadn.<\/p>\n\n\n\n<div class=\"swell-block-columns u-mb-ctrl u-mb-20\" style=\"--clmn-w--pc:33.33%;--clmn-w--tab:33.33%;--swl-clmn-mrgn--x:1rem\"><div class=\"swell-block-columns__inner\">\n<div class=\"swell-block-column swl-has-mb--s\">\n<div class=\"wp-block-group r8px has-border -border04 has-swl-gray-background-color has-background\"><div class=\"wp-block-group__inner-container is-layout-constrained wp-block-group-is-layout-constrained\">\n<h4 class=\"wp-block-heading is-style-default u-mb-ctrl u-mb-10\">Copy Trading L\u00e0 G\u00ec?<\/h4>\n\n\n\n<p><span class=\"swl-fz u-fz-s\">T\u00ecm hi\u1ec3u v\u1ec1 copy trading, c\u00e1ch ho\u1ea1t \u0111\u1ed9ng, v\u00e0 l\u00fd do nhi\u1ec1u nh\u00e0 giao d\u1ecbch s\u1eed d\u1ee5ng n\u00f3.<\/span><\/p>\n\n\n\n<p class=\"has-text-align-right\"><a href=\"https:\/\/copi-tools.com\/vn\/what-is-copytrade\/\" data-type=\"link\" data-id=\"https:\/\/copi-tools.com\/vn\/what-is-copytrade\/\"><strong>Read\u2192<\/strong><\/a><\/p>\n<\/div><\/div>\n<\/div>\n\n\n\n<div class=\"swell-block-column swl-has-mb--s\">\n<div class=\"wp-block-group r8px has-border -border04 has-swl-gray-background-color has-background\"><div class=\"wp-block-group__inner-container is-layout-constrained wp-block-group-is-layout-constrained\">\n<h4 class=\"wp-block-heading u-mb-ctrl u-mb-10\">Copy Trading c\u00f3 l\u00e3i kh\u00f4ng?<\/h4>\n\n\n\n<p><span class=\"swl-fz u-fz-s\">Xem k\u1ebft qu\u1ea3 th\u1ef1c t\u1ebf, hi\u1ec3u r\u1ee7i ro ch\u00e1y t\u00e0i kho\u1ea3n, v\u00e0 h\u1ecdc 3 nguy\u00ean t\u1eafc \u0111\u1ec3 gi\u1eef l\u1ee3i nhu\u1eadn.<\/span><\/p>\n\n\n\n<p class=\"has-text-align-right\"><a href=\"https:\/\/copi-tools.com\/vn\/copytrade-profitable\/\" data-type=\"link\" data-id=\"https:\/\/copi-tools.com\/vn\/copytrade-profitable\/\"><strong><span class=\"swl-inline-color has-swl-main-color\">Read\u2192<\/span><\/strong><\/a><\/p>\n<\/div><\/div>\n<\/div>\n\n\n\n<div class=\"swell-block-column swl-has-mb--s\">\n<div class=\"wp-block-group r8px has-border -border04 has-swl-gray-background-color has-background\"><div class=\"wp-block-group__inner-container is-layout-constrained wp-block-group-is-layout-constrained\">\n<h4 class=\"wp-block-heading u-mb-ctrl u-mb-10\">Sai l\u1ea7m th\u01b0\u1eddng g\u1eb7p<\/h4>\n\n\n\n<p><span class=\"swl-fz u-fz-s\">T\u00ecm hi\u1ec3u nh\u1eefng sai l\u1ea7m ph\u1ed5 bi\u1ebfn m\u00e0 ng\u01b0\u1eddi m\u1edbi th\u01b0\u1eddng m\u1eafc ph\u1ea3i v\u00e0 c\u00e1ch tr\u00e1nh ch\u00fang.<\/span><\/p>\n\n\n\n<p class=\"has-text-align-right\"><a href=\"https:\/\/copi-tools.com\/vn\/copytrade-failure\/\" data-type=\"link\" data-id=\"https:\/\/copi-tools.com\/vn\/copytrade-failure\/\"><span class=\"swl-inline-color has-swl-main-color\"><strong>Read\u2192<\/strong><\/span><\/a><\/p>\n<\/div><\/div>\n<\/div>\n<\/div><\/div>\n\n\n\n<h2 class=\"wp-block-heading has-text-align-center is-style-section_ttl section-title u-mb-ctrl u-mb-10\">B\u00e0i vi\u1ebft<\/h2>\n\n\n\n<p>Cung c\u1ea5p ki\u1ebfn th\u1ee9c chuy\u00ean s\u00e2u v\u00e0 \u0111\u00e1nh gi\u00e1 kh\u00e1ch quan \u0111\u1ec3 gi\u00fap b\u1ea1n giao d\u1ecbch t\u1ef1 tin h\u01a1n m\u1ed7i ng\u00e0y.<\/p>\n\n\n\n<div class=\"swell-block-box-menu is-style-default\" data-has-gap=\"0\" data-direction=\"horizontal\" style=\"--the-box-width--mb:100%;--the-box-width--tab:33.33%;--the-box-width--pc:33.33%\"><div class=\"swell-block-box-menu__inner\">\n<div class=\"swell-block-box-menu__item has-link\" data-has-gradient=\"0\" data-icon-type=\"svg\"><a href=\"https:\/\/copi-tools.com\/vn\/category\/copytrading-guides\/\" class=\"swell-block-box-menu__link\"><div class=\"swell-block-box-menu__figure\"><svg height=\"1em\" width=\"1em\" xmlns=\"http:\/\/www.w3.org\/2000\/svg\" aria-hidden=\"true\" viewBox=\"0 0 512 512\"><path d=\"M224 0c-35.3 0-64 28.7-64 64V288c0 35.3 28.7 64 64 64H448c35.3 0 64-28.7 64-64V64c0-35.3-28.7-64-64-64H224zM64 160c-35.3 0-64 28.7-64 64V448c0 35.3 28.7 64 64 64H288c35.3 0 64-28.7 64-64V384H288v64H64V224h64V160H64z\"><\/path><\/svg><\/div><span class=\"swell-block-box-menu__text\">H\u01b0\u1edbng d\u1eabn Copy Trade<\/span><\/a><\/div>\n\n\n\n<div class=\"swell-block-box-menu__item has-link\" data-has-gradient=\"0\" data-icon-type=\"svg\"><a href=\"https:\/\/copi-tools.com\/vn\/category\/broker-guides\/\" class=\"swell-block-box-menu__link\"><div class=\"swell-block-box-menu__figure\"><svg height=\"1em\" width=\"1em\" xmlns=\"http:\/\/www.w3.org\/2000\/svg\" aria-hidden=\"true\" viewBox=\"0 0 384 512\"><path d=\"M48 0C21.5 0 0 21.5 0 48V464c0 26.5 21.5 48 48 48h96V432c0-26.5 21.5-48 48-48s48 21.5 48 48v80h96c26.5 0 48-21.5 48-48V48c0-26.5-21.5-48-48-48H48zM64 240c0-8.8 7.2-16 16-16h32c8.8 0 16 7.2 16 16v32c0 8.8-7.2 16-16 16H80c-8.8 0-16-7.2-16-16V240zm112-16h32c8.8 0 16 7.2 16 16v32c0 8.8-7.2 16-16 16H176c-8.8 0-16-7.2-16-16V240c0-8.8 7.2-16 16-16zm80 16c0-8.8 7.2-16 16-16h32c8.8 0 16 7.2 16 16v32c0 8.8-7.2 16-16 16H272c-8.8 0-16-7.2-16-16V240zM80 96h32c8.8 0 16 7.2 16 16v32c0 8.8-7.2 16-16 16H80c-8.8 0-16-7.2-16-16V112c0-8.8 7.2-16 16-16zm80 16c0-8.8 7.2-16 16-16h32c8.8 0 16 7.2 16 16v32c0 8.8-7.2 16-16 16H176c-8.8 0-16-7.2-16-16V112zM272 96h32c8.8 0 16 7.2 16 16v32c0 8.8-7.2 16-16 16H272c-8.8 0-16-7.2-16-16V112c0-8.8 7.2-16 16-16z\"><\/path><\/svg><\/div><span class=\"swell-block-box-menu__text\">H\u01b0\u1edbng d\u1eabn ch\u1ecdn s\u00e0n<\/span><\/a><\/div>\n\n\n\n<div class=\"swell-block-box-menu__item has-link\" data-has-gradient=\"0\" data-icon-type=\"svg\"><a href=\"https:\/\/copi-tools.com\/vn\/category\/learn\/\" class=\"swell-block-box-menu__link\"><div class=\"swell-block-box-menu__figure\"><svg height=\"1em\" width=\"1em\" xmlns=\"http:\/\/www.w3.org\/2000\/svg\" aria-hidden=\"true\" viewBox=\"0 0 448 512\"><path d=\"M96 0C43 0 0 43 0 96V416c0 53 43 96 96 96H384h32c17.7 0 32-14.3 32-32s-14.3-32-32-32V384c17.7 0 32-14.3 32-32V32c0-17.7-14.3-32-32-32H384 96zm0 384H352v64H96c-17.7 0-32-14.3-32-32s14.3-32 32-32zm32-240c0-8.8 7.2-16 16-16H336c8.8 0 16 7.2 16 16s-7.2 16-16 16H144c-8.8 0-16-7.2-16-16zm16 48H336c8.8 0 16 7.2 16 16s-7.2 16-16 16H144c-8.8 0-16-7.2-16-16s7.2-16 16-16z\"><\/path><\/svg><\/div><span class=\"swell-block-box-menu__text\">C\u00e1c b\u00e0i vi\u1ebft kh\u00e1c<\/span><\/a><\/div>\n<\/div><\/div>\n\n\n\n<div class=\"swell-block-fullWide pc-py-60 sp-py-40 alignfull final-cta-section-redesigned u-mb-ctrl u-mb-0\" style=\"background-color:#1e3a8a\"><div class=\"swell-block-fullWide__inner l-article\">\n<div class=\"swell-block-columns\"><div class=\"swell-block-columns__inner\">\n<div class=\"swell-block-column swl-has-mb--s\">\n<h2 class=\"wp-block-heading has-text-align-left is-style-section_ttl u-mb-ctrl u-mb-10\"><span class=\"swl-inline-color has-white-color\">S\u1eb5n S\u00e0ng B\u1eaft \u0110\u1ea7u?<\/span><\/h2>\n\n\n\n<p><span class=\"swl-inline-color has-white-color\">B\u1eaft \u0111\u1ea7u ph\u00e2n t\u00edch mi\u1ec5n ph\u00ed ngay h\u00f4m nay v\u00e0 kh\u00e1m ph\u00e1 nh\u1eefng nh\u00e0 giao d\u1ecbch v\u00e0 chi\u1ebfn l\u01b0\u1ee3c \u0111\u00e1ng theo d\u00f5i.<\/span><\/p>\n\n\n\n<div class=\"swell-block-button red_ is-style-btn_normal\" data-align=\"left\"><a href=\"https:\/\/copi-tools.com\/vn\/exness-copytrade-analyzer\/\" class=\"swell-block-button__link\"><span>B\u1eaft \u0110\u1ea7u Ph\u00e2n T\u00edch Mi\u1ec5n Ph\u00ed Ngay \u2192<\/span><\/a><\/div>\n<\/div>\n\n\n\n<div class=\"swell-block-column swl-has-mb--s\">\n<figure class=\"wp-block-image size-large is-style-rounded\"><img decoding=\"async\" src=\"http:\/\/copi-tools.com\/wp-content\/uploads\/2026\/02\/2026-02-13_172418-1024x471.webp\" alt=\"\" class=\"wp-image-142\"\/><\/figure>\n<\/div>\n<\/div><\/div>\n<\/div><\/div>\n","protected":false},"excerpt":{"rendered":"<p>T\u00ecm Hi\u1ec3u Copy Trading T\u1eeb c\u01a1 b\u1ea3n cho ng\u01b0\u1eddi m\u1edbi b\u1eaft \u0111\u1ea7u \u0111\u1ebfn th\u00f4ng tin chuy\u00ean s\u00e2u. T\u00ecm hi\u1ec3u c\u00e1ch tr\u00e1nh sai l\u1ea7m v\u00e0 x\u00e1c \u0111\u1ecbnh nh\u1eefng nh\u00e0 giao d\u1ecbch th\u1ef1c s\u1ef1 c\u00f3 l\u1ee3i nhu\u1eadn. B\u00e0i vi\u1ebft Cung c\u1ea5p ki\u1ebfn th\u1ee9c chuy\u00ean s\u00e2u v\u00e0 \u0111\u00e1nh gi\u00e1 kh\u00e1ch quan \u0111\u1ec3 gi\u00fap b\u1ea1n giao d\u1ecbch t\u1ef1 tin [&hellip;]<\/p>\n","protected":false},"author":1,"featured_media":0,"parent":0,"menu_order":0,"comment_status":"closed","ping_status":"closed","template":"","meta":{"swell_btn_cv_data":"","footnotes":""},"class_list":["post-40","page","type-page","status-publish","hentry"],"_links":{"self":[{"href":"https:\/\/copi-tools.com\/vn\/wp-json\/wp\/v2\/pages\/40","targetHints":{"allow":["GET"]}}],"collection":[{"href":"https:\/\/copi-tools.com\/vn\/wp-json\/wp\/v2\/pages"}],"about":[{"href":"https:\/\/copi-tools.com\/vn\/wp-json\/wp\/v2\/types\/page"}],"author":[{"embeddable":true,"href":"https:\/\/copi-tools.com\/vn\/wp-json\/wp\/v2\/users\/1"}],"replies":[{"embeddable":true,"href":"https:\/\/copi-tools.com\/vn\/wp-json\/wp\/v2\/comments?post=40"}],"version-history":[{"count":21,"href":"https:\/\/copi-tools.com\/vn\/wp-json\/wp\/v2\/pages\/40\/revisions"}],"predecessor-version":[{"id":325,"href":"https:\/\/copi-tools.com\/vn\/wp-json\/wp\/v2\/pages\/40\/revisions\/325"}],"wp:attachment":[{"href":"https:\/\/copi-tools.com\/vn\/wp-json\/wp\/v2\/media?parent=40"}],"curies":[{"name":"wp","href":"https:\/\/api.w.org\/{rel}","templated":true}]}}